{"id":7906,"date":"2024-09-19T17:41:33","date_gmt":"2024-09-19T14:41:33","guid":{"rendered":"https:\/\/oksasenpuutarha.fi\/tuote\/punainen-jaasalaatti-ruukku"},"modified":"2026-02-25T15:42:22","modified_gmt":"2026-02-25T13:42:22","slug":"rod-issallad-kruka","status":"publish","type":"product","link":"https:\/\/oksasenpuutarha.fi\/sv\/tuote\/rod-issallad-kruka","title":{"rendered":"R\u00f6d issallad &#8211; Kruka"},"content":{"rendered":"<table style=\"border-collapse: collapse; width: 100%; height: 248px;\">\n<tbody>\n<tr style=\"height: 24px;\">\n<td style=\"width: 24.399%; height: 24px;\"><strong>Smak och konsistens<\/strong><\/td>\n<td style=\"width: 75.601%; height: 24px;\">MILD &amp; KRISPIG<\/td>\n<\/tr>\n<tr style=\"height: 24px;\">\n<td style=\"width: 24.399%; height: 24px;\"><strong>Rekommenderat anv\u00e4ndningss\u00e4tt<\/strong><\/td>\n<td style=\"width: 75.601%; height: 24px;\">Rekommenderas s\u00e4rskilt i wok, samt som fyllning i wraps och tortillas.<\/td>\n<\/tr>\n<tr style=\"height: 24px;\">\n<td style=\"width: 24.399%; height: 24px;\"><strong>H\u00e5llbarhet<\/strong><\/td>\n<td style=\"width: 75.601%; height: 24px;\">B\u00f6r f\u00f6rvaras kallt<\/td>\n<\/tr>\n<tr style=\"height: 24px;\">\n<td style=\"width: 24.399%; height: 24px;\"><strong>Sirkkalehti-m\u00e4rke<\/strong><\/td>\n<td style=\"width: 75.601%; height: 24px;\">Ja<\/td>\n<\/tr>\n<tr style=\"height: 24px;\">\n<td style=\"width: 24.399%; height: 24px;\"><strong>Hj\u00e4rtm\u00e4rke<\/strong><\/td>\n<td style=\"width: 75.601%; height: 24px;\">Ja<\/td>\n<\/tr>\n<tr style=\"height: 24px;\">\n<td style=\"width: 24.399%; height: 24px;\"><strong>\u00c5tervinning PP<\/strong><\/td>\n<td style=\"width: 75.601%; height: 24px;\">Ja<\/td>\n<\/tr>\n<tr style=\"height: 24px;\">\n<td style=\"width: 24.399%; height: 24px;\"><strong>GLOBALG.A.P. -kod<\/strong><\/td>\n<td style=\"width: 75.601%; height: 24px;\">GGN 4052852338660<\/td>\n<\/tr>\n<tr style=\"height: 29px;\">\n<td style=\"width: 24.399%; height: 29px;\"><strong>EAN-kod<\/strong><\/td>\n<td style=\"width: 75.601%; height: 29px;\">6416581011542<\/td>\n<\/tr>\n<tr style=\"height: 51px;\">\n<td style=\"width: 24.399%; height: 51px;\"><strong>F\u00f6rpackare<\/strong><\/td>\n<td style=\"width: 75.601%; height: 51px;\">Viljelij\u00e4\/Odlare: Oksasen Puutarha Oy, Paattinen, puh.\/tel. 050 523 2485 (ma-pe klo 09-13), info@oksasenpuutarha.fi Alkuper\u00e4maa\/Ursprungsland: Suomi\/Finland<\/td>\n<\/tr>\n<\/tbody>\n<\/table>\n","protected":false},"excerpt":{"rendered":"<p>R\u00f6d issallad \u00e4r en mild och krispig sallad som passar s\u00e4rskilt bra i wok, samt som fyllning i wraps och tortillas.<\/p>\n","protected":false},"featured_media":7907,"comment_status":"closed","ping_status":"closed","template":"","meta":[],"product_brand":[],"product_cat":[144,148,149],"product_tag":[],"class_list":{"0":"post-7906","1":"product","2":"type-product","3":"status-publish","4":"has-post-thumbnail","6":"product_cat-alla-produkter","7":"product_cat-mild-och-krispig","8":"product_cat-sallader","10":"first","11":"instock","12":"shipping-taxable","13":"product-type-simple"},"yoast_head":"<!-- This site is optimized with the Yoast SEO plugin v27.3 - https:\/\/yoast.com\/product\/yoast-seo-wordpress\/ -->\n<title>R\u00f6d issallad - Kruka - Oksasen Puutarha<\/title>\n<meta name=\"robots\" content=\"index, follow, max-snippet:-1, max-image-preview:large, max-video-preview:-1\" \/>\n<link rel=\"canonical\" href=\"https:\/\/oksasenpuutarha.fi\/sv\/tuote\/rod-issallad-kruka\" \/>\n<meta property=\"og:locale\" content=\"sv_SE\" \/>\n<meta property=\"og:type\" content=\"article\" \/>\n<meta property=\"og:title\" content=\"R\u00f6d issallad - Kruka - Oksasen Puutarha\" \/>\n<meta property=\"og:description\" content=\"R\u00f6d issallad \u00e4r en mild och krispig sallad som passar s\u00e4rskilt bra i wok, samt som fyllning i wraps och tortillas.\" \/>\n<meta property=\"og:url\" content=\"https:\/\/oksasenpuutarha.fi\/sv\/tuote\/rod-issallad-kruka\" \/>\n<meta property=\"og:site_name\" content=\"Oksasen Puutarha\" \/>\n<meta property=\"article:publisher\" content=\"https:\/\/www.facebook.com\/OksasenPuutarhaOy\" \/>\n<meta property=\"article:modified_time\" content=\"2026-02-25T13:42:22+00:00\" \/>\n<meta property=\"og:image\" content=\"https:\/\/oksasenpuutarha.fi\/wp-content\/uploads\/2024\/09\/punainen-jaasalaatti-ruukku-800.jpg\" \/>\n\t<meta property=\"og:image:width\" content=\"800\" \/>\n\t<meta property=\"og:image:height\" content=\"1200\" \/>\n\t<meta property=\"og:image:type\" content=\"image\/jpeg\" \/>\n<meta name=\"twitter:card\" content=\"summary_large_image\" \/>\n<meta name=\"twitter:label1\" content=\"Ber\u00e4knad l\u00e4stid\" \/>\n\t<meta name=\"twitter:data1\" content=\"1 minut\" \/>\n<script type=\"application\/ld+json\" class=\"yoast-schema-graph\">{\"@context\":\"https:\\\/\\\/schema.org\",\"@graph\":[{\"@type\":\"WebPage\",\"@id\":\"https:\\\/\\\/oksasenpuutarha.fi\\\/sv\\\/tuote\\\/rod-issallad-kruka\",\"url\":\"https:\\\/\\\/oksasenpuutarha.fi\\\/sv\\\/tuote\\\/rod-issallad-kruka\",\"name\":\"R\u00f6d issallad - Kruka - Oksasen Puutarha\",\"isPartOf\":{\"@id\":\"https:\\\/\\\/oksasenpuutarha.fi\\\/sv#website\"},\"primaryImageOfPage\":{\"@id\":\"https:\\\/\\\/oksasenpuutarha.fi\\\/sv\\\/tuote\\\/rod-issallad-kruka#primaryimage\"},\"image\":{\"@id\":\"https:\\\/\\\/oksasenpuutarha.fi\\\/sv\\\/tuote\\\/rod-issallad-kruka#primaryimage\"},\"thumbnailUrl\":\"https:\\\/\\\/oksasenpuutarha.fi\\\/wp-content\\\/uploads\\\/2024\\\/09\\\/punainen-jaasalaatti-ruukku-800.jpg\",\"datePublished\":\"2024-09-19T14:41:33+00:00\",\"dateModified\":\"2026-02-25T13:42:22+00:00\",\"breadcrumb\":{\"@id\":\"https:\\\/\\\/oksasenpuutarha.fi\\\/sv\\\/tuote\\\/rod-issallad-kruka#breadcrumb\"},\"inLanguage\":\"sv-SE\",\"potentialAction\":[{\"@type\":\"ReadAction\",\"target\":[\"https:\\\/\\\/oksasenpuutarha.fi\\\/sv\\\/tuote\\\/rod-issallad-kruka\"]}]},{\"@type\":\"ImageObject\",\"inLanguage\":\"sv-SE\",\"@id\":\"https:\\\/\\\/oksasenpuutarha.fi\\\/sv\\\/tuote\\\/rod-issallad-kruka#primaryimage\",\"url\":\"https:\\\/\\\/oksasenpuutarha.fi\\\/wp-content\\\/uploads\\\/2024\\\/09\\\/punainen-jaasalaatti-ruukku-800.jpg\",\"contentUrl\":\"https:\\\/\\\/oksasenpuutarha.fi\\\/wp-content\\\/uploads\\\/2024\\\/09\\\/punainen-jaasalaatti-ruukku-800.jpg\",\"width\":800,\"height\":1200},{\"@type\":\"BreadcrumbList\",\"@id\":\"https:\\\/\\\/oksasenpuutarha.fi\\\/sv\\\/tuote\\\/rod-issallad-kruka#breadcrumb\",\"itemListElement\":[{\"@type\":\"ListItem\",\"position\":1,\"name\":\"Etusivu\",\"item\":\"https:\\\/\\\/oksasenpuutarha.fi\\\/sv\"},{\"@type\":\"ListItem\",\"position\":2,\"name\":\"Produkter\",\"item\":\"https:\\\/\\\/oksasenpuutarha.fi\\\/sv\\\/produkter\"},{\"@type\":\"ListItem\",\"position\":3,\"name\":\"R\u00f6d issallad &#8211; Kruka\"}]},{\"@type\":\"WebSite\",\"@id\":\"https:\\\/\\\/oksasenpuutarha.fi\\\/sv#website\",\"url\":\"https:\\\/\\\/oksasenpuutarha.fi\\\/sv\",\"name\":\"Oksasen Puutarha\",\"description\":\"Suomalainen puutarha-alan perheyritys\",\"publisher\":{\"@id\":\"https:\\\/\\\/oksasenpuutarha.fi\\\/sv#organization\"},\"potentialAction\":[{\"@type\":\"SearchAction\",\"target\":{\"@type\":\"EntryPoint\",\"urlTemplate\":\"https:\\\/\\\/oksasenpuutarha.fi\\\/sv?s={search_term_string}\"},\"query-input\":{\"@type\":\"PropertyValueSpecification\",\"valueRequired\":true,\"valueName\":\"search_term_string\"}}],\"inLanguage\":\"sv-SE\"},{\"@type\":\"Organization\",\"@id\":\"https:\\\/\\\/oksasenpuutarha.fi\\\/sv#organization\",\"name\":\"Oksasen Puutarha Oy\",\"url\":\"https:\\\/\\\/oksasenpuutarha.fi\\\/sv\",\"logo\":{\"@type\":\"ImageObject\",\"inLanguage\":\"sv-SE\",\"@id\":\"https:\\\/\\\/oksasenpuutarha.fi\\\/sv#\\\/schema\\\/logo\\\/image\\\/\",\"url\":\"https:\\\/\\\/oksasenpuutarha.fi\\\/wp-content\\\/uploads\\\/2024\\\/06\\\/OksasenPuutarha-logo-2024.svg\",\"contentUrl\":\"https:\\\/\\\/oksasenpuutarha.fi\\\/wp-content\\\/uploads\\\/2024\\\/06\\\/OksasenPuutarha-logo-2024.svg\",\"width\":369,\"height\":481,\"caption\":\"Oksasen Puutarha Oy\"},\"image\":{\"@id\":\"https:\\\/\\\/oksasenpuutarha.fi\\\/sv#\\\/schema\\\/logo\\\/image\\\/\"},\"sameAs\":[\"https:\\\/\\\/www.facebook.com\\\/OksasenPuutarhaOy\",\"https:\\\/\\\/www.instagram.com\\\/kaarlokani\\\/\"]}]}<\/script>\n<!-- \/ Yoast SEO plugin. -->","yoast_head_json":{"title":"R\u00f6d issallad - Kruka - Oksasen Puutarha","robots":{"index":"index","follow":"follow","max-snippet":"max-snippet:-1","max-image-preview":"max-image-preview:large","max-video-preview":"max-video-preview:-1"},"canonical":"https:\/\/oksasenpuutarha.fi\/sv\/tuote\/rod-issallad-kruka","og_locale":"sv_SE","og_type":"article","og_title":"R\u00f6d issallad - Kruka - Oksasen Puutarha","og_description":"R\u00f6d issallad \u00e4r en mild och krispig sallad som passar s\u00e4rskilt bra i wok, samt som fyllning i wraps och tortillas.","og_url":"https:\/\/oksasenpuutarha.fi\/sv\/tuote\/rod-issallad-kruka","og_site_name":"Oksasen Puutarha","article_publisher":"https:\/\/www.facebook.com\/OksasenPuutarhaOy","article_modified_time":"2026-02-25T13:42:22+00:00","og_image":[{"width":800,"height":1200,"url":"https:\/\/oksasenpuutarha.fi\/wp-content\/uploads\/2024\/09\/punainen-jaasalaatti-ruukku-800.jpg","type":"image\/jpeg"}],"twitter_card":"summary_large_image","twitter_misc":{"Ber\u00e4knad l\u00e4stid":"1 minut"},"schema":{"@context":"https:\/\/schema.org","@graph":[{"@type":"WebPage","@id":"https:\/\/oksasenpuutarha.fi\/sv\/tuote\/rod-issallad-kruka","url":"https:\/\/oksasenpuutarha.fi\/sv\/tuote\/rod-issallad-kruka","name":"R\u00f6d issallad - Kruka - Oksasen Puutarha","isPartOf":{"@id":"https:\/\/oksasenpuutarha.fi\/sv#website"},"primaryImageOfPage":{"@id":"https:\/\/oksasenpuutarha.fi\/sv\/tuote\/rod-issallad-kruka#primaryimage"},"image":{"@id":"https:\/\/oksasenpuutarha.fi\/sv\/tuote\/rod-issallad-kruka#primaryimage"},"thumbnailUrl":"https:\/\/oksasenpuutarha.fi\/wp-content\/uploads\/2024\/09\/punainen-jaasalaatti-ruukku-800.jpg","datePublished":"2024-09-19T14:41:33+00:00","dateModified":"2026-02-25T13:42:22+00:00","breadcrumb":{"@id":"https:\/\/oksasenpuutarha.fi\/sv\/tuote\/rod-issallad-kruka#breadcrumb"},"inLanguage":"sv-SE","potentialAction":[{"@type":"ReadAction","target":["https:\/\/oksasenpuutarha.fi\/sv\/tuote\/rod-issallad-kruka"]}]},{"@type":"ImageObject","inLanguage":"sv-SE","@id":"https:\/\/oksasenpuutarha.fi\/sv\/tuote\/rod-issallad-kruka#primaryimage","url":"https:\/\/oksasenpuutarha.fi\/wp-content\/uploads\/2024\/09\/punainen-jaasalaatti-ruukku-800.jpg","contentUrl":"https:\/\/oksasenpuutarha.fi\/wp-content\/uploads\/2024\/09\/punainen-jaasalaatti-ruukku-800.jpg","width":800,"height":1200},{"@type":"BreadcrumbList","@id":"https:\/\/oksasenpuutarha.fi\/sv\/tuote\/rod-issallad-kruka#breadcrumb","itemListElement":[{"@type":"ListItem","position":1,"name":"Etusivu","item":"https:\/\/oksasenpuutarha.fi\/sv"},{"@type":"ListItem","position":2,"name":"Produkter","item":"https:\/\/oksasenpuutarha.fi\/sv\/produkter"},{"@type":"ListItem","position":3,"name":"R\u00f6d issallad &#8211; Kruka"}]},{"@type":"WebSite","@id":"https:\/\/oksasenpuutarha.fi\/sv#website","url":"https:\/\/oksasenpuutarha.fi\/sv","name":"Oksasen Puutarha","description":"Suomalainen puutarha-alan perheyritys","publisher":{"@id":"https:\/\/oksasenpuutarha.fi\/sv#organization"},"potentialAction":[{"@type":"SearchAction","target":{"@type":"EntryPoint","urlTemplate":"https:\/\/oksasenpuutarha.fi\/sv?s={search_term_string}"},"query-input":{"@type":"PropertyValueSpecification","valueRequired":true,"valueName":"search_term_string"}}],"inLanguage":"sv-SE"},{"@type":"Organization","@id":"https:\/\/oksasenpuutarha.fi\/sv#organization","name":"Oksasen Puutarha Oy","url":"https:\/\/oksasenpuutarha.fi\/sv","logo":{"@type":"ImageObject","inLanguage":"sv-SE","@id":"https:\/\/oksasenpuutarha.fi\/sv#\/schema\/logo\/image\/","url":"https:\/\/oksasenpuutarha.fi\/wp-content\/uploads\/2024\/06\/OksasenPuutarha-logo-2024.svg","contentUrl":"https:\/\/oksasenpuutarha.fi\/wp-content\/uploads\/2024\/06\/OksasenPuutarha-logo-2024.svg","width":369,"height":481,"caption":"Oksasen Puutarha Oy"},"image":{"@id":"https:\/\/oksasenpuutarha.fi\/sv#\/schema\/logo\/image\/"},"sameAs":["https:\/\/www.facebook.com\/OksasenPuutarhaOy","https:\/\/www.instagram.com\/kaarlokani\/"]}]}},"_links":{"self":[{"href":"https:\/\/oksasenpuutarha.fi\/sv\/wp-json\/wp\/v2\/product\/7906","targetHints":{"allow":["GET"]}}],"collection":[{"href":"https:\/\/oksasenpuutarha.fi\/sv\/wp-json\/wp\/v2\/product"}],"about":[{"href":"https:\/\/oksasenpuutarha.fi\/sv\/wp-json\/wp\/v2\/types\/product"}],"replies":[{"embeddable":true,"href":"https:\/\/oksasenpuutarha.fi\/sv\/wp-json\/wp\/v2\/comments?post=7906"}],"wp:featuredmedia":[{"embeddable":true,"href":"https:\/\/oksasenpuutarha.fi\/sv\/wp-json\/wp\/v2\/media\/7907"}],"wp:attachment":[{"href":"https:\/\/oksasenpuutarha.fi\/sv\/wp-json\/wp\/v2\/media?parent=7906"}],"wp:term":[{"taxonomy":"product_brand","embeddable":true,"href":"https:\/\/oksasenpuutarha.fi\/sv\/wp-json\/wp\/v2\/product_brand?post=7906"},{"taxonomy":"product_cat","embeddable":true,"href":"https:\/\/oksasenpuutarha.fi\/sv\/wp-json\/wp\/v2\/product_cat?post=7906"},{"taxonomy":"product_tag","embeddable":true,"href":"https:\/\/oksasenpuutarha.fi\/sv\/wp-json\/wp\/v2\/product_tag?post=7906"}],"curies":[{"name":"wp","href":"https:\/\/api.w.org\/{rel}","templated":true}]}}